{"id":1071,"date":"2020-12-08T03:53:12","date_gmt":"2020-12-08T03:53:12","guid":{"rendered":"https:\/\/gaviaspreview.com\/wp\/tevily\/?page_id=21"},"modified":"2023-12-19T12:36:34","modified_gmt":"2023-12-19T11:36:34","slug":"about","status":"publish","type":"page","link":"https:\/\/excursionquadmarrakech.com\/en\/about\/","title":{"rendered":"A propos"},"content":{"rendered":"<div data-elementor-type=\"wp-page\" data-elementor-id=\"1071\" class=\"elementor elementor-1071\">\n\t\t\t\t\t\t<div class=\"elementor-inner\">\n\t\t\t\t<div class=\"elementor-section-wrap\">\n\t\t\t\t\t\t\t\t\t<section class=\"elementor-section elementor-top-section elementor-element elementor-element-027b947 elementor-section-full_width elementor-section-height-default elementor-section-height-default row-top\" data-id=\"027b947\" data-element_type=\"section\">\n\t\t\t\t\t\t<div class=\"elementor-container elementor-column-gap-default\">\n\t\t\t\t\t\t\t<div class=\"elementor-row\">\n\t\t\t\t\t<div class=\"elementor-column elementor-col-100 elementor-top-column elementor-element elementor-element-d0bf791\" data-id=\"d0bf791\" data-element_type=\"column\">\n\t\t\t<div class=\"elementor-column-wrap elementor-element-populated\">\n\t\t\t\t\t\t\t<div class=\"elementor-widget-wrap\">\n\t\t\t\t\t\t<div class=\"elementor-element elementor-element-41e2072 elementor-widget elementor-widget-gva_post_breadcrumb\" data-id=\"41e2072\" data-element_type=\"widget\" data-widget_type=\"gva_post_breadcrumb.default\">\n\t\t\t\t<div class=\"elementor-widget-container\">\n\t\t\t<div class=\"gva-element-gva_post_breadcrumb gva-element\">   \r\n<div class=\"post-breadcrumb\">\r\n   <div class=\"custom-breadcrumb\" >\r\n            <div class=\"breadcrumb-main\">\r\n        <div class=\"container\">\r\n          <div class=\"breadcrumb-container-inner\">\r\n            <h2 class=\"heading-title\">A propos<\/h2><ol class=\"breadcrumb\"><li><a href=\"https:\/\/excursionquadmarrakech.com\/en\">Home<\/a> <\/li> <li class=\"active\">Page<\/li><\/ol>          <\/div>  \r\n        <\/div>   \r\n      <\/div>  \r\n   <\/div>\r\n<\/div>      \r\n\r\n<\/div>\t\t<\/div>\n\t\t\t\t<\/div>\n\t\t\t\t\t\t<\/div>\n\t\t\t\t\t<\/div>\n\t\t<\/div>\n\t\t\t\t\t\t\t\t<\/div>\n\t\t\t\t\t<\/div>\n\t\t<\/section>\n\t\t\t\t<section class=\"elementor-section elementor-top-section elementor-element elementor-element-cfe9709 elementor-section-boxed elementor-section-height-default elementor-section-height-default row-top\" data-id=\"cfe9709\" data-element_type=\"section\">\n\t\t\t\t\t\t<div class=\"elementor-container elementor-column-gap-default\">\n\t\t\t\t\t\t\t<div class=\"elementor-row\">\n\t\t\t\t\t<div class=\"elementor-column elementor-col-50 elementor-top-column elementor-element elementor-element-bdc7059\" data-id=\"bdc7059\" data-element_type=\"column\">\n\t\t\t<div class=\"elementor-column-wrap elementor-element-populated\">\n\t\t\t\t\t\t\t<div class=\"elementor-widget-wrap\">\n\t\t\t\t\t\t<div class=\"elementor-element elementor-element-be60f00 elementor-widget elementor-widget-image\" data-id=\"be60f00\" data-element_type=\"widget\" data-widget_type=\"image.default\">\n\t\t\t\t<div class=\"elementor-widget-container\">\n\t\t\t<style>\/*! elementor - v3.18.0 - 04-12-2023 *\/\n.elementor-widget-image{text-align:center}.elementor-widget-image a{display:inline-block}.elementor-widget-image a img[src$=\".svg\"]{width:48px}.elementor-widget-image img{vertical-align:middle;display:inline-block}<\/style>\t\t\t\t\t<div class=\"elementor-image\">\n\t\t\t\t\t\t\t\t\t\t\t\t<img fetchpriority=\"high\" decoding=\"async\" width=\"1920\" height=\"1248\" src=\"https:\/\/excursionquadmarrakech.com\/wp-content\/uploads\/2023\/12\/buggy4.webp\" class=\"attachment-full size-full wp-image-1153\" alt=\"\" srcset=\"https:\/\/excursionquadmarrakech.com\/wp-content\/uploads\/2023\/12\/buggy4.webp 1920w, https:\/\/excursionquadmarrakech.com\/wp-content\/uploads\/2023\/12\/buggy4-1024x666.webp 1024w, https:\/\/excursionquadmarrakech.com\/wp-content\/uploads\/2023\/12\/buggy4-768x499.webp 768w\" sizes=\"(max-width: 1920px) 100vw, 1920px\" \/>\t\t\t\t\t\t\t\t\t\t\t\t\t\t<\/div>\n\t\t\t\t\t\t<\/div>\n\t\t\t\t<\/div>\n\t\t\t\t\t\t<\/div>\n\t\t\t\t\t<\/div>\n\t\t<\/div>\n\t\t\t\t<div class=\"elementor-column elementor-col-50 elementor-top-column elementor-element elementor-element-b600727\" data-id=\"b600727\" data-element_type=\"column\">\n\t\t\t<div class=\"elementor-column-wrap elementor-element-populated\">\n\t\t\t\t\t\t\t<div class=\"elementor-widget-wrap\">\n\t\t\t\t\t\t<div class=\"elementor-element elementor-element-3ce9dddb elementor-widget elementor-widget-gva-heading-block\" data-id=\"3ce9dddb\" data-element_type=\"widget\" data-widget_type=\"gva-heading-block.default\">\n\t\t\t\t<div class=\"elementor-widget-container\">\n\t\t\t<div class=\"gva-element-gva-heading-block gva-element\">   <div class=\"align-left style-1 widget gsc-heading box-align-left auto-responsive\">\r\n      <div class=\"content-inner\">\r\n         \r\n                  \r\n                     <div class=\"sub-title\"><span>Who are we?<\/span><\/div>\r\n           \r\n         \r\n                     <h2 class=\"title\">\r\n               <span>Discover the Adventure in the Heart of Marrakech<\/span>\r\n            <\/h2>\r\n                              <div class=\"title-desc\">Dear thrill-seekers and adventurers,\n<br>\n\"Welcome to Excursion Quad Marrakech, the off-road adventure expert in Marrakech! We are proud to present to you a unique experience that combines the natural beauty of Lake and the Agafay Desert with the excitement of driving the latest generation quads and buggies.\"\n<br>\n\"About Us:\n\nAt Excursion Quad Marrakech, we are passionate about adventure and committed to providing our customers with an unforgettable experience. With a dedicated team and quality equipment, we are the ideal choice for those looking to explore the surroundings of Marrakech in a unique way.\"\n<br>\nOur Unique Offers:\n\nQuad Excursions: Embark on an exciting journey through the Agafay Desert on our sturdy quads. Our circuits are designed to offer you breathtaking views of the desert landscape, with routes suitable for all levels of experience.\n<br>\nBuggy Rides: For an extra dose of adrenaline, our off-road buggies promise you a fast and fun ride. Our experienced team will guide you through exciting trails for an unparalleled off-road experience.\n<br>\nMagical Sunsets: Experience magical moments by choosing our sunset circuits. The warm hues of the Agafay Desert provide a spectacular backdrop for a memorable experience.\n<br>\nWhy Excursion Quad Marrakech?\n<br>\nSafety First: Your safety is our top priority. Our qualified guides ensure that each excursion takes place safely, with clear instructions and high-quality protective equipment.\n<br>\nState-of-the-Art Equipment: We provide you with modern and well-maintained quads and buggies, ensuring a smooth and enjoyable driving experience.\n<br>\nPersonalized Service: At Excursion Quad Marrakech, we believe in personalized service. Our warm and welcoming team is here to cater to your needs and make your adventure as unique as you are.\n<br>\nBook Your Adventure Today:\n\nDon't miss the opportunity to experience an exceptional adventure in the heart of Marrakech with Excursion Quad Marrakech. Contact us now to book your quad or buggy excursion and discover a Marrakech you never imagined.\n<br>\nGet ready for excitement, wonder, and unforgettable memories with Excursion Quad Marrakech!\n\n<\/div>\r\n         \r\n         \r\n      <\/div>\r\n   <\/div>\r\n<\/div>\t\t<\/div>\n\t\t\t\t<\/div>\n\t\t\t\t\t\t<\/div>\n\t\t\t\t\t<\/div>\n\t\t<\/div>\n\t\t\t\t\t\t\t\t<\/div>\n\t\t\t\t\t<\/div>\n\t\t<\/section>\n\t\t\t\t<section class=\"elementor-section elementor-top-section elementor-element elementor-element-1664fb4 elementor-section-boxed elementor-section-height-default elementor-section-height-default row-top\" data-id=\"1664fb4\" data-element_type=\"section\">\n\t\t\t\t\t\t<div class=\"elementor-container elementor-column-gap-default\">\n\t\t\t\t\t\t\t<div class=\"elementor-row\">\n\t\t\t\t\t<div class=\"elementor-column elementor-col-100 elementor-top-column elementor-element elementor-element-ccbfe53\" data-id=\"ccbfe53\" data-element_type=\"column\">\n\t\t\t<div class=\"elementor-column-wrap elementor-element-populated\">\n\t\t\t\t\t\t\t<div class=\"elementor-widget-wrap\">\n\t\t\t\t\t\t<div class=\"elementor-element elementor-element-314eddd elementor-widget elementor-widget-gva-heading-block\" data-id=\"314eddd\" data-element_type=\"widget\" data-widget_type=\"gva-heading-block.default\">\n\t\t\t\t<div class=\"elementor-widget-container\">\n\t\t\t<div class=\"gva-element-gva-heading-block gva-element\">   <div class=\"align-center style-1 widget gsc-heading box-align-left auto-responsive\">\r\n      <div class=\"content-inner\">\r\n         \r\n                  \r\n                     <div class=\"sub-title\"><span>Professional people<\/span><\/div>\r\n           \r\n         \r\n                     <h2 class=\"title\">\r\n               <span>Meet the Team<\/span>\r\n            <\/h2>\r\n                  \r\n         \r\n      <\/div>\r\n   <\/div>\r\n<\/div>\t\t<\/div>\n\t\t\t\t<\/div>\n\t\t\t\t<div class=\"elementor-element elementor-element-16a311f elementor-widget elementor-widget-gva-team\" data-id=\"16a311f\" data-element_type=\"widget\" data-widget_type=\"gva-team.default\">\n\t\t\t\t<div class=\"elementor-widget-container\">\n\t\t\t<div class=\"gva-element-gva-team gva-element\">\r\n<div class=\"swiper-slider-wrapper gsc-team layout-carousel\">\r\n   <div class=\"swiper-content-inner\">   \r\n      <div class=\"init-carousel-swiper swiper\" data-carousel=\"{&quot;items&quot;:4,&quot;items_lg&quot;:4,&quot;items_md&quot;:3,&quot;items_sm&quot;:2,&quot;items_xs&quot;:2,&quot;items_xx&quot;:1,&quot;effect&quot;:&quot;slide&quot;,&quot;space_between&quot;:30,&quot;loop&quot;:1,&quot;speed&quot;:600,&quot;autoplay&quot;:1,&quot;autoplay_delay&quot;:4500,&quot;autoplay_hover&quot;:1,&quot;navigation&quot;:1,&quot;pagination&quot;:0,&quot;dynamic_bullets&quot;:0,&quot;pagination_type&quot;:&quot;bullets&quot;}\">\r\n         <div class=\"swiper-wrapper\">\r\n                           <div class=\"swiper-slide\">\r\n                  \r\n<div class=\"gsc-team-item\">\r\n\t\t\t<div class=\"team-image\">\r\n         <img decoding=\"async\" src=\"https:\/\/gaviaspreview.com\/wp\/tevily\/wp-content\/plugins\/tevily-themer\/elementor\/assets\/images\/team-1.jpg\" alt=\"Jessica Brown\" \/>  \r\n\t\t\t<div class=\"socials-team\">\r\n\t\t\t\t\t\t\t  <a href=\"https:\/\/facebook.com\/envato\/\">\r\n\t\t\t\t <i class=\"fa fa-facebook\"><\/i>\t\t\t  <\/a>\r\n\t\t\t  \t\t\t\t\t\t\t  <a href=\"https:\/\/twitter.com\/envato\/\">\r\n\t\t\t\t <i class=\"fa fa-twitter\"><\/i>\t\t\t  <\/a>\r\n\t\t\t  \t\t\t\t\t\t\t  <a href=\"https:\/\/instagram.com\/envato\/\">\r\n\t\t\t\t <i class=\"fa fa-instagram\"><\/i>\t\t\t  <\/a>\r\n\t\t\t  \t\t\t\t\t\t\t  <a href=\"https:\/\/pinterest.com\/envato\/\">\r\n\t\t\t\t <i class=\"fa fa-pinterest\"><\/i>\t\t\t  <\/a>\r\n\t\t\t  \t\t\t<\/div>\r\n\t\t<\/div>\r\n\t\t\r\n   <div class=\"team-content\">\r\n\t\t\r\n\t\t\t\t\t<h3 class=\"team-name\">\r\n            Jessica Brown   \r\n         <\/h3>\r\n\t\t\r\n\t\t\t\t\t<div class=\"team-job\">Consultant<\/div>\r\n\t\t\r\n\t<\/div>\r\n<\/div>\t\t\r\n               <\/div>\r\n                           <div class=\"swiper-slide\">\r\n                  \r\n<div class=\"gsc-team-item\">\r\n\t\t\t<div class=\"team-image\">\r\n         <img decoding=\"async\" src=\"https:\/\/gaviaspreview.com\/wp\/tevily\/wp-content\/plugins\/tevily-themer\/elementor\/assets\/images\/team-2.jpg\" alt=\"Yoni Albert\" \/>  \r\n\t\t\t<div class=\"socials-team\">\r\n\t\t\t\t\t\t\t  <a href=\"https:\/\/facebook.com\/envato\/\">\r\n\t\t\t\t <i class=\"fa fa-facebook\"><\/i>\t\t\t  <\/a>\r\n\t\t\t  \t\t\t\t\t\t\t  <a href=\"https:\/\/twitter.com\/envato\/\">\r\n\t\t\t\t <i class=\"fa fa-twitter\"><\/i>\t\t\t  <\/a>\r\n\t\t\t  \t\t\t\t\t\t\t  <a href=\"https:\/\/instagram.com\/envato\/\">\r\n\t\t\t\t <i class=\"fa fa-instagram\"><\/i>\t\t\t  <\/a>\r\n\t\t\t  \t\t\t\t\t\t\t  <a href=\"https:\/\/pinterest.com\/envato\/\">\r\n\t\t\t\t <i class=\"fa fa-pinterest\"><\/i>\t\t\t  <\/a>\r\n\t\t\t  \t\t\t<\/div>\r\n\t\t<\/div>\r\n\t\t\r\n   <div class=\"team-content\">\r\n\t\t\r\n\t\t\t\t\t<h3 class=\"team-name\">\r\n            Yoni Albert   \r\n         <\/h3>\r\n\t\t\r\n\t\t\t\t\t<div class=\"team-job\">Consultant<\/div>\r\n\t\t\r\n\t<\/div>\r\n<\/div>\t\t\r\n               <\/div>\r\n                           <div class=\"swiper-slide\">\r\n                  \r\n<div class=\"gsc-team-item\">\r\n\t\t\t<div class=\"team-image\">\r\n         <img decoding=\"async\" src=\"https:\/\/gaviaspreview.com\/wp\/tevily\/wp-content\/plugins\/tevily-themer\/elementor\/assets\/images\/team-3.jpg\" alt=\"Christine Eve\" \/>  \r\n\t\t\t<div class=\"socials-team\">\r\n\t\t\t\t\t\t\t  <a href=\"https:\/\/facebook.com\/envato\/\">\r\n\t\t\t\t <i class=\"fa fa-facebook\"><\/i>\t\t\t  <\/a>\r\n\t\t\t  \t\t\t\t\t\t\t  <a href=\"https:\/\/twitter.com\/envato\/\">\r\n\t\t\t\t <i class=\"fa fa-twitter\"><\/i>\t\t\t  <\/a>\r\n\t\t\t  \t\t\t\t\t\t\t  <a href=\"https:\/\/instagram.com\/envato\/\">\r\n\t\t\t\t <i class=\"fa fa-instagram\"><\/i>\t\t\t  <\/a>\r\n\t\t\t  \t\t\t\t\t\t\t  <a href=\"https:\/\/pinterest.com\/envato\/\">\r\n\t\t\t\t <i class=\"fa fa-pinterest\"><\/i>\t\t\t  <\/a>\r\n\t\t\t  \t\t\t<\/div>\r\n\t\t<\/div>\r\n\t\t\r\n   <div class=\"team-content\">\r\n\t\t\r\n\t\t\t\t\t<h3 class=\"team-name\">\r\n            Christine Eve   \r\n         <\/h3>\r\n\t\t\r\n\t\t\t\t\t<div class=\"team-job\">Consultant<\/div>\r\n\t\t\r\n\t<\/div>\r\n<\/div>\t\t\r\n               <\/div>\r\n                           <div class=\"swiper-slide\">\r\n                  \r\n<div class=\"gsc-team-item\">\r\n\t\t\t<div class=\"team-image\">\r\n         <img decoding=\"async\" src=\"https:\/\/gaviaspreview.com\/wp\/tevily\/wp-content\/plugins\/tevily-themer\/elementor\/assets\/images\/team-4.jpg\" alt=\"David Hardson\" \/>  \r\n\t\t\t<div class=\"socials-team\">\r\n\t\t\t\t\t\t\t  <a href=\"https:\/\/facebook.com\/envato\/\">\r\n\t\t\t\t <i class=\"fa fa-facebook\"><\/i>\t\t\t  <\/a>\r\n\t\t\t  \t\t\t\t\t\t\t  <a href=\"https:\/\/twitter.com\/envato\/\">\r\n\t\t\t\t <i class=\"fa fa-twitter\"><\/i>\t\t\t  <\/a>\r\n\t\t\t  \t\t\t\t\t\t\t  <a href=\"https:\/\/instagram.com\/envato\/\">\r\n\t\t\t\t <i class=\"fa fa-instagram\"><\/i>\t\t\t  <\/a>\r\n\t\t\t  \t\t\t\t\t\t\t  <a href=\"https:\/\/pinterest.com\/envato\/\">\r\n\t\t\t\t <i class=\"fa fa-pinterest\"><\/i>\t\t\t  <\/a>\r\n\t\t\t  \t\t\t<\/div>\r\n\t\t<\/div>\r\n\t\t\r\n   <div class=\"team-content\">\r\n\t\t\r\n\t\t\t\t\t<h3 class=\"team-name\">\r\n            David Hardson   \r\n         <\/h3>\r\n\t\t\r\n\t\t\t\t\t<div class=\"team-job\">Consultant<\/div>\r\n\t\t\r\n\t<\/div>\r\n<\/div>\t\t\r\n               <\/div>\r\n                           <div class=\"swiper-slide\">\r\n                  \r\n<div class=\"gsc-team-item\">\r\n\t\t\t<div class=\"team-image\">\r\n         <img decoding=\"async\" src=\"https:\/\/gaviaspreview.com\/wp\/tevily\/wp-content\/plugins\/tevily-themer\/elementor\/assets\/images\/team-5.jpg\" alt=\"Fred Andrew\" \/>  \r\n\t\t\t<div class=\"socials-team\">\r\n\t\t\t\t\t\t\t  <a href=\"https:\/\/facebook.com\/envato\/\">\r\n\t\t\t\t <i class=\"fa fa-facebook\"><\/i>\t\t\t  <\/a>\r\n\t\t\t  \t\t\t\t\t\t\t  <a href=\"https:\/\/twitter.com\/envato\/\">\r\n\t\t\t\t <i class=\"fa fa-twitter\"><\/i>\t\t\t  <\/a>\r\n\t\t\t  \t\t\t\t\t\t\t  <a href=\"https:\/\/instagram.com\/envato\/\">\r\n\t\t\t\t <i class=\"fa fa-instagram\"><\/i>\t\t\t  <\/a>\r\n\t\t\t  \t\t\t\t\t\t\t  <a href=\"https:\/\/pinterest.com\/envato\/\">\r\n\t\t\t\t <i class=\"fa fa-pinterest\"><\/i>\t\t\t  <\/a>\r\n\t\t\t  \t\t\t<\/div>\r\n\t\t<\/div>\r\n\t\t\r\n   <div class=\"team-content\">\r\n\t\t\r\n\t\t\t\t\t<h3 class=\"team-name\">\r\n            Fred Andrew   \r\n         <\/h3>\r\n\t\t\r\n\t\t\t\t\t<div class=\"team-job\">Consultant<\/div>\r\n\t\t\r\n\t<\/div>\r\n<\/div>\t\t\r\n               <\/div>\r\n                     <\/div> \r\n      <\/div>\r\n   <\/div>   \r\n   <div class=\"swiper-pagination\"><\/div>   <div class=\"swiper-nav-next\"><\/div><div class=\"swiper-nav-prev\"><\/div><\/div>\r\n<\/div>\t\t<\/div>\n\t\t\t\t<\/div>\n\t\t\t\t\t\t<\/div>\n\t\t\t\t\t<\/div>\n\t\t<\/div>\n\t\t\t\t\t\t\t\t<\/div>\n\t\t\t\t\t<\/div>\n\t\t<\/section>\n\t\t\t\t\t\t\t\t\t<\/div>\n\t\t\t<\/div>\n\t\t\t\t\t<\/div>","protected":false},"excerpt":{"rendered":"<p>About Home Page Qui sommes-nous? D\u00e9couvrez l&rsquo;Aventure au C\u0153ur de Marrakech Chers amateurs de sensations fortes et d&rsquo;\u00e9vasion, Bienvenue chez Excursion Quad Marrakech, l&rsquo;expert de l&rsquo;aventure tout-terrain \u00e0 Marrakech ! [&hellip;]<\/p>","protected":false},"author":1,"featured_media":0,"parent":0,"menu_order":0,"comment_status":"closed","ping_status":"closed","template":"","meta":{"footnotes":""},"yoast_head":"<!-- This site is optimized with the Yoast SEO plugin v23.5 - https:\/\/yoast.com\/wordpress\/plugins\/seo\/ -->\n<title>About - Excursion Quad Marrakech<\/title>\n<meta name=\"robots\" content=\"index, follow, max-snippet:-1, max-image-preview:large, max-video-preview:-1\" \/>\n<link rel=\"canonical\" href=\"https:\/\/excursionquadmarrakech.com\/en\/about\/\" \/>\n<meta property=\"og:locale\" content=\"en_GB\" \/>\n<meta property=\"og:type\" content=\"article\" \/>\n<meta property=\"og:title\" content=\"About - Excursion Quad Marrakech\" \/>\n<meta property=\"og:description\" content=\"About Home Page Qui sommes-nous? D\u00e9couvrez l&rsquo;Aventure au C\u0153ur de Marrakech Chers amateurs de sensations fortes et d&rsquo;\u00e9vasion, Bienvenue chez Excursion Quad Marrakech, l&rsquo;expert de l&rsquo;aventure tout-terrain \u00e0 Marrakech ! [&hellip;]\" \/>\n<meta property=\"og:url\" content=\"https:\/\/excursionquadmarrakech.com\/en\/about\/\" \/>\n<meta property=\"og:site_name\" content=\"Excursion Quad Marrakech\" \/>\n<meta property=\"article:modified_time\" content=\"2023-12-19T11:36:34+00:00\" \/>\n<meta property=\"og:image\" content=\"https:\/\/excursionquadmarrakech.com\/wp-content\/uploads\/2023\/12\/buggy4.webp\" \/>\n<meta name=\"twitter:card\" content=\"summary_large_image\" \/>\n<meta name=\"twitter:label1\" content=\"Estimated reading time\" \/>\n\t<meta name=\"twitter:data1\" content=\"2 minutes\" \/>\n<script type=\"application\/ld+json\" class=\"yoast-schema-graph\">{\"@context\":\"https:\/\/schema.org\",\"@graph\":[{\"@type\":\"WebPage\",\"@id\":\"https:\/\/excursionquadmarrakech.com\/about\/\",\"url\":\"https:\/\/excursionquadmarrakech.com\/about\/\",\"name\":\"About - Excursion Quad Marrakech\",\"isPartOf\":{\"@id\":\"https:\/\/excursionquadmarrakech.com\/#website\"},\"primaryImageOfPage\":{\"@id\":\"https:\/\/excursionquadmarrakech.com\/about\/#primaryimage\"},\"image\":{\"@id\":\"https:\/\/excursionquadmarrakech.com\/about\/#primaryimage\"},\"thumbnailUrl\":\"https:\/\/excursionquadmarrakech.com\/wp-content\/uploads\/2023\/12\/buggy4.webp\",\"datePublished\":\"2020-12-08T03:53:12+00:00\",\"dateModified\":\"2023-12-19T11:36:34+00:00\",\"breadcrumb\":{\"@id\":\"https:\/\/excursionquadmarrakech.com\/about\/#breadcrumb\"},\"inLanguage\":\"en-GB\",\"potentialAction\":[{\"@type\":\"ReadAction\",\"target\":[\"https:\/\/excursionquadmarrakech.com\/about\/\"]}]},{\"@type\":\"ImageObject\",\"inLanguage\":\"en-GB\",\"@id\":\"https:\/\/excursionquadmarrakech.com\/about\/#primaryimage\",\"url\":\"https:\/\/excursionquadmarrakech.com\/wp-content\/uploads\/2023\/12\/buggy4.webp\",\"contentUrl\":\"https:\/\/excursionquadmarrakech.com\/wp-content\/uploads\/2023\/12\/buggy4.webp\"},{\"@type\":\"BreadcrumbList\",\"@id\":\"https:\/\/excursionquadmarrakech.com\/about\/#breadcrumb\",\"itemListElement\":[{\"@type\":\"ListItem\",\"position\":1,\"name\":\"Home\",\"item\":\"https:\/\/excursionquadmarrakech.com\/\"},{\"@type\":\"ListItem\",\"position\":2,\"name\":\"About\"}]},{\"@type\":\"WebSite\",\"@id\":\"https:\/\/excursionquadmarrakech.com\/#website\",\"url\":\"https:\/\/excursionquadmarrakech.com\/\",\"name\":\"Excursion Quad Marrakech\",\"description\":\"Agence de location Quad \u00e0 Marrakech\",\"publisher\":{\"@id\":\"https:\/\/excursionquadmarrakech.com\/#organization\"},\"potentialAction\":[{\"@type\":\"SearchAction\",\"target\":{\"@type\":\"EntryPoint\",\"urlTemplate\":\"https:\/\/excursionquadmarrakech.com\/?s={search_term_string}\"},\"query-input\":{\"@type\":\"PropertyValueSpecification\",\"valueRequired\":true,\"valueName\":\"search_term_string\"}}],\"inLanguage\":\"en-GB\"},{\"@type\":\"Organization\",\"@id\":\"https:\/\/excursionquadmarrakech.com\/#organization\",\"name\":\"Excursion Quad Marrakech\",\"url\":\"https:\/\/excursionquadmarrakech.com\/\",\"logo\":{\"@type\":\"ImageObject\",\"inLanguage\":\"en-GB\",\"@id\":\"https:\/\/excursionquadmarrakech.com\/#\/schema\/logo\/image\/\",\"url\":\"https:\/\/excursionquadmarrakech.com\/wp-content\/uploads\/2021\/10\/logo-white.png\",\"contentUrl\":\"https:\/\/excursionquadmarrakech.com\/wp-content\/uploads\/2021\/10\/logo-white.png\",\"width\":300,\"height\":98,\"caption\":\"Excursion Quad Marrakech\"},\"image\":{\"@id\":\"https:\/\/excursionquadmarrakech.com\/#\/schema\/logo\/image\/\"}}]}<\/script>\n<!-- \/ Yoast SEO plugin. -->","yoast_head_json":{"title":"About - Excursion Quad Marrakech","robots":{"index":"index","follow":"follow","max-snippet":"max-snippet:-1","max-image-preview":"max-image-preview:large","max-video-preview":"max-video-preview:-1"},"canonical":"https:\/\/excursionquadmarrakech.com\/en\/about\/","og_locale":"en_GB","og_type":"article","og_title":"About - Excursion Quad Marrakech","og_description":"About Home Page Qui sommes-nous? D\u00e9couvrez l&rsquo;Aventure au C\u0153ur de Marrakech Chers amateurs de sensations fortes et d&rsquo;\u00e9vasion, Bienvenue chez Excursion Quad Marrakech, l&rsquo;expert de l&rsquo;aventure tout-terrain \u00e0 Marrakech ! [&hellip;]","og_url":"https:\/\/excursionquadmarrakech.com\/en\/about\/","og_site_name":"Excursion Quad Marrakech","article_modified_time":"2023-12-19T11:36:34+00:00","og_image":[{"url":"https:\/\/excursionquadmarrakech.com\/wp-content\/uploads\/2023\/12\/buggy4.webp"}],"twitter_card":"summary_large_image","twitter_misc":{"Estimated reading time":"2 minutes"},"schema":{"@context":"https:\/\/schema.org","@graph":[{"@type":"WebPage","@id":"https:\/\/excursionquadmarrakech.com\/about\/","url":"https:\/\/excursionquadmarrakech.com\/about\/","name":"About - Excursion Quad Marrakech","isPartOf":{"@id":"https:\/\/excursionquadmarrakech.com\/#website"},"primaryImageOfPage":{"@id":"https:\/\/excursionquadmarrakech.com\/about\/#primaryimage"},"image":{"@id":"https:\/\/excursionquadmarrakech.com\/about\/#primaryimage"},"thumbnailUrl":"https:\/\/excursionquadmarrakech.com\/wp-content\/uploads\/2023\/12\/buggy4.webp","datePublished":"2020-12-08T03:53:12+00:00","dateModified":"2023-12-19T11:36:34+00:00","breadcrumb":{"@id":"https:\/\/excursionquadmarrakech.com\/about\/#breadcrumb"},"inLanguage":"en-GB","potentialAction":[{"@type":"ReadAction","target":["https:\/\/excursionquadmarrakech.com\/about\/"]}]},{"@type":"ImageObject","inLanguage":"en-GB","@id":"https:\/\/excursionquadmarrakech.com\/about\/#primaryimage","url":"https:\/\/excursionquadmarrakech.com\/wp-content\/uploads\/2023\/12\/buggy4.webp","contentUrl":"https:\/\/excursionquadmarrakech.com\/wp-content\/uploads\/2023\/12\/buggy4.webp"},{"@type":"BreadcrumbList","@id":"https:\/\/excursionquadmarrakech.com\/about\/#breadcrumb","itemListElement":[{"@type":"ListItem","position":1,"name":"Home","item":"https:\/\/excursionquadmarrakech.com\/"},{"@type":"ListItem","position":2,"name":"About"}]},{"@type":"WebSite","@id":"https:\/\/excursionquadmarrakech.com\/#website","url":"https:\/\/excursionquadmarrakech.com\/","name":"Excursion Quad Marrakech","description":"Agence de location Quad \u00e0 Marrakech","publisher":{"@id":"https:\/\/excursionquadmarrakech.com\/#organization"},"potentialAction":[{"@type":"SearchAction","target":{"@type":"EntryPoint","urlTemplate":"https:\/\/excursionquadmarrakech.com\/?s={search_term_string}"},"query-input":{"@type":"PropertyValueSpecification","valueRequired":true,"valueName":"search_term_string"}}],"inLanguage":"en-GB"},{"@type":"Organization","@id":"https:\/\/excursionquadmarrakech.com\/#organization","name":"Excursion Quad Marrakech","url":"https:\/\/excursionquadmarrakech.com\/","logo":{"@type":"ImageObject","inLanguage":"en-GB","@id":"https:\/\/excursionquadmarrakech.com\/#\/schema\/logo\/image\/","url":"https:\/\/excursionquadmarrakech.com\/wp-content\/uploads\/2021\/10\/logo-white.png","contentUrl":"https:\/\/excursionquadmarrakech.com\/wp-content\/uploads\/2021\/10\/logo-white.png","width":300,"height":98,"caption":"Excursion Quad Marrakech"},"image":{"@id":"https:\/\/excursionquadmarrakech.com\/#\/schema\/logo\/image\/"}}]}},"_links":{"self":[{"href":"https:\/\/excursionquadmarrakech.com\/en\/wp-json\/wp\/v2\/pages\/1071"}],"collection":[{"href":"https:\/\/excursionquadmarrakech.com\/en\/wp-json\/wp\/v2\/pages"}],"about":[{"href":"https:\/\/excursionquadmarrakech.com\/en\/wp-json\/wp\/v2\/types\/page"}],"author":[{"embeddable":true,"href":"https:\/\/excursionquadmarrakech.com\/en\/wp-json\/wp\/v2\/users\/1"}],"replies":[{"embeddable":true,"href":"https:\/\/excursionquadmarrakech.com\/en\/wp-json\/wp\/v2\/comments?post=1071"}],"version-history":[{"count":9,"href":"https:\/\/excursionquadmarrakech.com\/en\/wp-json\/wp\/v2\/pages\/1071\/revisions"}],"predecessor-version":[{"id":1302,"href":"https:\/\/excursionquadmarrakech.com\/en\/wp-json\/wp\/v2\/pages\/1071\/revisions\/1302"}],"wp:attachment":[{"href":"https:\/\/excursionquadmarrakech.com\/en\/wp-json\/wp\/v2\/media?parent=1071"}],"curies":[{"name":"wp","href":"https:\/\/api.w.org\/{rel}","templated":true}]}}